{"id":1324,"date":"2022-02-17T11:52:05","date_gmt":"2022-02-17T11:52:05","guid":{"rendered":"https:\/\/www.apartamentosdolium.com\/wordpress\/?page_id=1324"},"modified":"2022-03-22T16:08:52","modified_gmt":"2022-03-22T16:08:52","slug":"contacto-reservas","status":"publish","type":"page","link":"https:\/\/www.apartamentosdolium.com\/wordpress\/index.php\/contacto-reservas\/","title":{"rendered":"Contacto Reservas"},"content":{"rendered":"<h1>Solicita tu reserva<\/h1>\n<h2>Formulario de reserva<\/h2>\n<p>Si te resulta m\u00e1s c\u00f3modo pues escribirnos a WhatsApp.<\/p>\n<p><a href=\"https:\/\/www.apartamentosdolium.com\/wordpress\/index.php\/contacto\/\" role=\"button\"><br \/>\nwhatsapp<br \/>\n<\/a><br \/>\n<img loading=\"lazy\" decoding=\"async\" width=\"682\" height=\"1024\" src=\"https:\/\/www.apartamentosdolium.com\/wordpress\/wp-content\/uploads\/2022\/02\/seville-spain-andalusia-3887478-682x1024.jpg\" alt=\"seville, spain, andalusia-3887478.jpg\" loading=\"lazy\" srcset=\"https:\/\/www.apartamentosdolium.com\/wordpress\/wp-content\/uploads\/2022\/02\/seville-spain-andalusia-3887478-682x1024.jpg 682w, https:\/\/www.apartamentosdolium.com\/wordpress\/wp-content\/uploads\/2022\/02\/seville-spain-andalusia-3887478-200x300.jpg 200w, https:\/\/www.apartamentosdolium.com\/wordpress\/wp-content\/uploads\/2022\/02\/seville-spain-andalusia-3887478-768x1152.jpg 768w, https:\/\/www.apartamentosdolium.com\/wordpress\/wp-content\/uploads\/2022\/02\/seville-spain-andalusia-3887478.jpg 853w\" sizes=\"auto, (max-width: 682px) 100vw, 682px\"><\/p>\n<p role=\"status\" aria-live=\"polite\" aria-atomic=\"true\">\n<ul><\/ul>\n<form action=\"\/wordpress\/wp-admin\/admin-ajax.php#wpcf7-f1326-o3\" method=\"post\" novalidate=\"novalidate\" data-status=\"init\">\n<input type=\"hidden\" name=\"_wpcf7\" value=\"1326\"><br \/>\n<input type=\"hidden\" name=\"_wpcf7_version\" value=\"5.5.5\"><br \/>\n<input type=\"hidden\" name=\"_wpcf7_locale\" value=\"es_ES\"><br \/>\n<input type=\"hidden\" name=\"_wpcf7_unit_tag\" value=\"wpcf7-f1326-o3\"><br \/>\n<input type=\"hidden\" name=\"_wpcf7_container_post\" value=\"0\"><br \/>\n<input type=\"hidden\" name=\"_wpcf7_posted_data_hash\" value=\"\"><\/p>\n<p><label> Tu nombre<br \/>\n<input type=\"text\" name=\"your-name\" value=\"\" size=\"40\" aria-required=\"true\" aria-invalid=\"false\"> <\/label><\/p>\n<p><label> Tu correo electr\u00f3nico<br \/>\n<input type=\"email\" name=\"your-email\" value=\"\" size=\"40\" aria-required=\"true\" aria-invalid=\"false\"> <\/label><\/p>\n<p><label> Fecha de llegada<br \/>\n<input type=\"date\" name=\"date-541\" value=\"\" aria-invalid=\"false\"> <\/label><\/p>\n<p><label> Fecha de salida<br \/>\n<input type=\"date\" name=\"date-314\" value=\"\" aria-invalid=\"false\"> <\/label><\/p>\n<p><label> N\u00ba de personas<br \/>\n<input type=\"number\" name=\"number-842\" value=\"\" aria-invalid=\"false\"> <\/label><\/p>\n<p><label> Asunto<br \/>\n<input type=\"text\" name=\"your-subject\" value=\"\" size=\"40\" aria-required=\"true\" aria-invalid=\"false\"> <\/label><\/p>\n<p><label> Tu mensaje (opcional)<br \/>\n<textarea name=\"your-message\" cols=\"40\" rows=\"10\" aria-invalid=\"false\" placeholder=\"Detalla toda la informaci\u00f3n que consideres relevante para que tu descanso sea perfecto.\"><\/textarea> <\/label><\/p>\n<p><input type=\"submit\" value=\"Enviar\"><\/p>\n<\/form>\n<h2>\u00bfEst\u00e1s pensado en tus pr\u00f3ximas vacaciones en Sevilla?<\/h2>\n<p>Apartamentos nuevos, en la mejor ubicaci\u00f3n y al mejor precio&nbsp;<\/p>\n<p>\u00a1Reserva ya!<\/p>\n<ul>\n<li>\n\t\t\t\t\t\t\t\t\t\t\t<a href=\"http:\/\/doliumsevilla@gmail.com\"><br \/>\ndoliumsevilla@gmail.com<br \/>\n<\/a><\/li>\n<\/ul>\n","protected":false},"excerpt":{"rendered":"<p>Solicita tu reserva Formulario de reserva Si te resulta m\u00e1s c\u00f3modo pues escribirnos a WhatsApp. whatsapp Tu nombre Tu correo electr\u00f3nico Fecha de llegada Fecha de salida N\u00ba de personas Asunto Tu mensaje (opcional) \u00bfEst\u00e1s pensado en tus pr\u00f3ximas vacaciones en Sevilla? Apartamentos nuevos, en la mejor ubicaci\u00f3n y al mejor precio&nbsp; \u00a1Reserva ya! doliumsevilla@gmail.com<\/p>\n","protected":false},"author":1,"featured_media":0,"parent":0,"menu_order":0,"comment_status":"closed","ping_status":"closed","template":"","meta":{"_eb_attr":"","site-sidebar-layout":"no-sidebar","site-content-layout":"page-builder","ast-site-content-layout":"","site-content-style":"default","site-sidebar-style":"default","ast-global-header-display":"","ast-banner-title-visibility":"","ast-main-header-display":"","ast-hfb-above-header-display":"","ast-hfb-below-header-display":"","ast-hfb-mobile-header-display":"","site-post-title":"disabled","ast-breadcrumbs-content":"","ast-featured-img":"disabled","footer-sml-layout":"","theme-transparent-header-meta":"enabled","adv-header-id-meta":"","stick-header-meta":"","header-above-stick-meta":"","header-main-stick-meta":"","header-below-stick-meta":"","astra-migrate-meta-layouts":"default","ast-page-background-enabled":"default","ast-page-background-meta":{"desktop":{"background-color":"","background-image":"","background-repeat":"repeat","background-position":"center center","background-size":"auto","background-attachment":"scroll","background-type":"","background-media":"","overlay-type":"","overlay-color":"","overlay-gradient":""},"tablet":{"background-color":"","background-image":"","background-repeat":"repeat","background-position":"center center","background-size":"auto","background-attachment":"scroll","background-type":"","background-media":"","overlay-type":"","overlay-color":"","overlay-gradient":""},"mobile":{"background-color":"","background-image":"","background-repeat":"repeat","background-position":"center center","background-size":"auto","background-attachment":"scroll","background-type":"","background-media":"","overlay-type":"","overlay-color":"","overlay-gradient":""}},"ast-content-background-meta":{"desktop":{"background-color":"var(--ast-global-color-5)","background-image":"","background-repeat":"repeat","background-position":"center center","background-size":"auto","background-attachment":"scroll","background-type":"","background-media":"","overlay-type":"","overlay-color":"","overlay-gradient":""},"tablet":{"background-color":"var(--ast-global-color-5)","background-image":"","background-repeat":"repeat","background-position":"center center","background-size":"auto","background-attachment":"scroll","background-type":"","background-media":"","overlay-type":"","overlay-color":"","overlay-gradient":""},"mobile":{"background-color":"var(--ast-global-color-5)","background-image":"","background-repeat":"repeat","background-position":"center center","background-size":"auto","background-attachment":"scroll","background-type":"","background-media":"","overlay-type":"","overlay-color":"","overlay-gradient":""}},"footnotes":""},"class_list":["post-1324","page","type-page","status-publish","hentry"],"yoast_head":"<!-- This site is optimized with the Yoast SEO plugin v26.0 - https:\/\/yoast.com\/wordpress\/plugins\/seo\/ -->\n<title>Contacto Reservas - APTOS. DOLIUM<\/title>\n<meta name=\"description\" content=\"Acceder a nuestro formulario de reservas para contactar con Dolium y realizar la reserva de uno de nuestros apartamentos.\" \/>\n<meta name=\"robots\" content=\"index, follow, max-snippet:-1, max-image-preview:large, max-video-preview:-1\" \/>\n<link rel=\"canonical\" href=\"https:\/\/www.apartamentosdolium.com\/wordpress\/index.php\/contacto-reservas\/\" \/>\n<meta property=\"og:locale\" content=\"es_ES\" \/>\n<meta property=\"og:type\" content=\"article\" \/>\n<meta property=\"og:title\" content=\"Contacto Reservas - APTOS. DOLIUM\" \/>\n<meta property=\"og:description\" content=\"Acceder a nuestro formulario de reservas para contactar con Dolium y realizar la reserva de uno de nuestros apartamentos.\" \/>\n<meta property=\"og:url\" content=\"https:\/\/www.apartamentosdolium.com\/wordpress\/index.php\/contacto-reservas\/\" \/>\n<meta property=\"og:site_name\" content=\"APTOS. DOLIUM\" \/>\n<meta property=\"article:modified_time\" content=\"2022-03-22T16:08:52+00:00\" \/>\n<meta property=\"og:image\" content=\"https:\/\/www.apartamentosdolium.com\/wordpress\/wp-content\/uploads\/2022\/02\/seville-spain-andalusia-3887478-682x1024.jpg\" \/>\n<meta name=\"twitter:card\" content=\"summary_large_image\" \/>\n<meta name=\"twitter:label1\" content=\"Tiempo de lectura\" \/>\n\t<meta name=\"twitter:data1\" content=\"1 minuto\" \/>\n<script type=\"application\/ld+json\" class=\"yoast-schema-graph\">{\"@context\":\"https:\/\/schema.org\",\"@graph\":[{\"@type\":\"WebPage\",\"@id\":\"https:\/\/www.apartamentosdolium.com\/wordpress\/index.php\/contacto-reservas\/\",\"url\":\"https:\/\/www.apartamentosdolium.com\/wordpress\/index.php\/contacto-reservas\/\",\"name\":\"Contacto Reservas - APTOS. DOLIUM\",\"isPartOf\":{\"@id\":\"https:\/\/www.apartamentosdolium.com\/wordpress\/#website\"},\"primaryImageOfPage\":{\"@id\":\"https:\/\/www.apartamentosdolium.com\/wordpress\/index.php\/contacto-reservas\/#primaryimage\"},\"image\":{\"@id\":\"https:\/\/www.apartamentosdolium.com\/wordpress\/index.php\/contacto-reservas\/#primaryimage\"},\"thumbnailUrl\":\"https:\/\/www.apartamentosdolium.com\/wordpress\/wp-content\/uploads\/2022\/02\/seville-spain-andalusia-3887478-682x1024.jpg\",\"datePublished\":\"2022-02-17T11:52:05+00:00\",\"dateModified\":\"2022-03-22T16:08:52+00:00\",\"description\":\"Acceder a nuestro formulario de reservas para contactar con Dolium y realizar la reserva de uno de nuestros apartamentos.\",\"breadcrumb\":{\"@id\":\"https:\/\/www.apartamentosdolium.com\/wordpress\/index.php\/contacto-reservas\/#breadcrumb\"},\"inLanguage\":\"es\",\"potentialAction\":[{\"@type\":\"ReadAction\",\"target\":[\"https:\/\/www.apartamentosdolium.com\/wordpress\/index.php\/contacto-reservas\/\"]}]},{\"@type\":\"ImageObject\",\"inLanguage\":\"es\",\"@id\":\"https:\/\/www.apartamentosdolium.com\/wordpress\/index.php\/contacto-reservas\/#primaryimage\",\"url\":\"https:\/\/www.apartamentosdolium.com\/wordpress\/wp-content\/uploads\/2022\/02\/seville-spain-andalusia-3887478.jpg\",\"contentUrl\":\"https:\/\/www.apartamentosdolium.com\/wordpress\/wp-content\/uploads\/2022\/02\/seville-spain-andalusia-3887478.jpg\",\"width\":853,\"height\":1280,\"caption\":\"seville, spain, andalusia-3887478.jpg\"},{\"@type\":\"BreadcrumbList\",\"@id\":\"https:\/\/www.apartamentosdolium.com\/wordpress\/index.php\/contacto-reservas\/#breadcrumb\",\"itemListElement\":[{\"@type\":\"ListItem\",\"position\":1,\"name\":\"Portada\",\"item\":\"https:\/\/www.apartamentosdolium.com\/wordpress\/\"},{\"@type\":\"ListItem\",\"position\":2,\"name\":\"Contacto Reservas\"}]},{\"@type\":\"WebSite\",\"@id\":\"https:\/\/www.apartamentosdolium.com\/wordpress\/#website\",\"url\":\"https:\/\/www.apartamentosdolium.com\/wordpress\/\",\"name\":\"Apartamentos Dolium Sevilla\",\"description\":\"Sevilla, Alojamiento en el mejor lugar, c\u00e9ntrico en el barrio de Triana al mejor precio\",\"publisher\":{\"@id\":\"https:\/\/www.apartamentosdolium.com\/wordpress\/#organization\"},\"potentialAction\":[{\"@type\":\"SearchAction\",\"target\":{\"@type\":\"EntryPoint\",\"urlTemplate\":\"https:\/\/www.apartamentosdolium.com\/wordpress\/?s={search_term_string}\"},\"query-input\":{\"@type\":\"PropertyValueSpecification\",\"valueRequired\":true,\"valueName\":\"search_term_string\"}}],\"inLanguage\":\"es\"},{\"@type\":\"Organization\",\"@id\":\"https:\/\/www.apartamentosdolium.com\/wordpress\/#organization\",\"name\":\"Apartamentos Dolium Sevilla. DOLIUM\",\"url\":\"https:\/\/www.apartamentosdolium.com\/wordpress\/\",\"logo\":{\"@type\":\"ImageObject\",\"inLanguage\":\"es\",\"@id\":\"https:\/\/www.apartamentosdolium.com\/wordpress\/#\/schema\/logo\/image\/\",\"url\":\"https:\/\/www.apartamentosdolium.com\/wordpress\/wp-content\/uploads\/2022\/02\/Logo-Dolium-apartments.png\",\"contentUrl\":\"https:\/\/www.apartamentosdolium.com\/wordpress\/wp-content\/uploads\/2022\/02\/Logo-Dolium-apartments.png\",\"width\":500,\"height\":242,\"caption\":\"Apartamentos Dolium Sevilla. DOLIUM\"},\"image\":{\"@id\":\"https:\/\/www.apartamentosdolium.com\/wordpress\/#\/schema\/logo\/image\/\"},\"sameAs\":[\"https:\/\/instagram.com\/doliumsevilla?igshid=MzNlNGNkZWQ4Mg\"]}]}<\/script>\n<!-- \/ Yoast SEO plugin. -->","yoast_head_json":{"title":"Contacto Reservas - APTOS. DOLIUM","description":"Acceder a nuestro formulario de reservas para contactar con Dolium y realizar la reserva de uno de nuestros apartamentos.","robots":{"index":"index","follow":"follow","max-snippet":"max-snippet:-1","max-image-preview":"max-image-preview:large","max-video-preview":"max-video-preview:-1"},"canonical":"https:\/\/www.apartamentosdolium.com\/wordpress\/index.php\/contacto-reservas\/","og_locale":"es_ES","og_type":"article","og_title":"Contacto Reservas - APTOS. DOLIUM","og_description":"Acceder a nuestro formulario de reservas para contactar con Dolium y realizar la reserva de uno de nuestros apartamentos.","og_url":"https:\/\/www.apartamentosdolium.com\/wordpress\/index.php\/contacto-reservas\/","og_site_name":"APTOS. DOLIUM","article_modified_time":"2022-03-22T16:08:52+00:00","og_image":[{"url":"https:\/\/www.apartamentosdolium.com\/wordpress\/wp-content\/uploads\/2022\/02\/seville-spain-andalusia-3887478-682x1024.jpg","type":"","width":"","height":""}],"twitter_card":"summary_large_image","twitter_misc":{"Tiempo de lectura":"1 minuto"},"schema":{"@context":"https:\/\/schema.org","@graph":[{"@type":"WebPage","@id":"https:\/\/www.apartamentosdolium.com\/wordpress\/index.php\/contacto-reservas\/","url":"https:\/\/www.apartamentosdolium.com\/wordpress\/index.php\/contacto-reservas\/","name":"Contacto Reservas - APTOS. DOLIUM","isPartOf":{"@id":"https:\/\/www.apartamentosdolium.com\/wordpress\/#website"},"primaryImageOfPage":{"@id":"https:\/\/www.apartamentosdolium.com\/wordpress\/index.php\/contacto-reservas\/#primaryimage"},"image":{"@id":"https:\/\/www.apartamentosdolium.com\/wordpress\/index.php\/contacto-reservas\/#primaryimage"},"thumbnailUrl":"https:\/\/www.apartamentosdolium.com\/wordpress\/wp-content\/uploads\/2022\/02\/seville-spain-andalusia-3887478-682x1024.jpg","datePublished":"2022-02-17T11:52:05+00:00","dateModified":"2022-03-22T16:08:52+00:00","description":"Acceder a nuestro formulario de reservas para contactar con Dolium y realizar la reserva de uno de nuestros apartamentos.","breadcrumb":{"@id":"https:\/\/www.apartamentosdolium.com\/wordpress\/index.php\/contacto-reservas\/#breadcrumb"},"inLanguage":"es","potentialAction":[{"@type":"ReadAction","target":["https:\/\/www.apartamentosdolium.com\/wordpress\/index.php\/contacto-reservas\/"]}]},{"@type":"ImageObject","inLanguage":"es","@id":"https:\/\/www.apartamentosdolium.com\/wordpress\/index.php\/contacto-reservas\/#primaryimage","url":"https:\/\/www.apartamentosdolium.com\/wordpress\/wp-content\/uploads\/2022\/02\/seville-spain-andalusia-3887478.jpg","contentUrl":"https:\/\/www.apartamentosdolium.com\/wordpress\/wp-content\/uploads\/2022\/02\/seville-spain-andalusia-3887478.jpg","width":853,"height":1280,"caption":"seville, spain, andalusia-3887478.jpg"},{"@type":"BreadcrumbList","@id":"https:\/\/www.apartamentosdolium.com\/wordpress\/index.php\/contacto-reservas\/#breadcrumb","itemListElement":[{"@type":"ListItem","position":1,"name":"Portada","item":"https:\/\/www.apartamentosdolium.com\/wordpress\/"},{"@type":"ListItem","position":2,"name":"Contacto Reservas"}]},{"@type":"WebSite","@id":"https:\/\/www.apartamentosdolium.com\/wordpress\/#website","url":"https:\/\/www.apartamentosdolium.com\/wordpress\/","name":"Apartamentos Dolium Sevilla","description":"Sevilla, Alojamiento en el mejor lugar, c\u00e9ntrico en el barrio de Triana al mejor precio","publisher":{"@id":"https:\/\/www.apartamentosdolium.com\/wordpress\/#organization"},"potentialAction":[{"@type":"SearchAction","target":{"@type":"EntryPoint","urlTemplate":"https:\/\/www.apartamentosdolium.com\/wordpress\/?s={search_term_string}"},"query-input":{"@type":"PropertyValueSpecification","valueRequired":true,"valueName":"search_term_string"}}],"inLanguage":"es"},{"@type":"Organization","@id":"https:\/\/www.apartamentosdolium.com\/wordpress\/#organization","name":"Apartamentos Dolium Sevilla. DOLIUM","url":"https:\/\/www.apartamentosdolium.com\/wordpress\/","logo":{"@type":"ImageObject","inLanguage":"es","@id":"https:\/\/www.apartamentosdolium.com\/wordpress\/#\/schema\/logo\/image\/","url":"https:\/\/www.apartamentosdolium.com\/wordpress\/wp-content\/uploads\/2022\/02\/Logo-Dolium-apartments.png","contentUrl":"https:\/\/www.apartamentosdolium.com\/wordpress\/wp-content\/uploads\/2022\/02\/Logo-Dolium-apartments.png","width":500,"height":242,"caption":"Apartamentos Dolium Sevilla. DOLIUM"},"image":{"@id":"https:\/\/www.apartamentosdolium.com\/wordpress\/#\/schema\/logo\/image\/"},"sameAs":["https:\/\/instagram.com\/doliumsevilla?igshid=MzNlNGNkZWQ4Mg"]}]}},"_links":{"self":[{"href":"https:\/\/www.apartamentosdolium.com\/wordpress\/index.php\/wp-json\/wp\/v2\/pages\/1324","targetHints":{"allow":["GET"]}}],"collection":[{"href":"https:\/\/www.apartamentosdolium.com\/wordpress\/index.php\/wp-json\/wp\/v2\/pages"}],"about":[{"href":"https:\/\/www.apartamentosdolium.com\/wordpress\/index.php\/wp-json\/wp\/v2\/types\/page"}],"author":[{"embeddable":true,"href":"https:\/\/www.apartamentosdolium.com\/wordpress\/index.php\/wp-json\/wp\/v2\/users\/1"}],"replies":[{"embeddable":true,"href":"https:\/\/www.apartamentosdolium.com\/wordpress\/index.php\/wp-json\/wp\/v2\/comments?post=1324"}],"version-history":[{"count":29,"href":"https:\/\/www.apartamentosdolium.com\/wordpress\/index.php\/wp-json\/wp\/v2\/pages\/1324\/revisions"}],"predecessor-version":[{"id":1369,"href":"https:\/\/www.apartamentosdolium.com\/wordpress\/index.php\/wp-json\/wp\/v2\/pages\/1324\/revisions\/1369"}],"wp:attachment":[{"href":"https:\/\/www.apartamentosdolium.com\/wordpress\/index.php\/wp-json\/wp\/v2\/media?parent=1324"}],"curies":[{"name":"wp","href":"https:\/\/api.w.org\/{rel}","templated":true}]}}